{"id":24,"date":"2015-08-31T19:32:53","date_gmt":"2015-08-31T17:32:53","guid":{"rendered":"http:\/\/www.baby-uni.at\/wordpress\/?page_id=24"},"modified":"2025-05-07T15:28:18","modified_gmt":"2025-05-07T13:28:18","slug":"eltern-bildung","status":"publish","type":"page","link":"https:\/\/www.baby-uni.at\/wordpress\/eltern-bildung\/","title":{"rendered":"Eltern-Bildung"},"content":{"rendered":"<table border=\"0\" width=\"1007\" cellspacing=\"0\" cellpadding=\"0\" align=\"center\" bgcolor=\"#ffffff\">\n<tbody>\n<tr>\n<td class=\"header1\" style=\"text-align: left;\" colspan=\"5\" align=\"center\" valign=\"middle\" bgcolor=\"#ffffff\">\n<h3><\/h3>\n<h4 class=\"header1\" style=\"text-align: left;\"><span style=\"color: #970600;\"><strong><a style=\"color: #970600;\" href=\"http:\/\/www.baby-uni.at\/wordpress\/eltern-bildungs-veranstaltungen\/\" target=\"_blank\" rel=\"noopener noreferrer\">E L T E R N &#8211; B I L D U N G <\/a><\/strong><\/span><\/h4>\n<p><a href=\"http:\/\/www.baby-uni.at\/wordpress\/wp-content\/uploads\/elternbildungbb01.jpg\"><img loading=\"lazy\" decoding=\"async\" class=\" wp-image-27 alignleft\" src=\"http:\/\/www.baby-uni.at\/wordpress\/wp-content\/uploads\/elternbildungbb01.jpg\" alt=\"elternbildungbb01\" width=\"159\" height=\"159\" srcset=\"https:\/\/www.baby-uni.at\/wordpress\/wp-content\/uploads\/elternbildungbb01.jpg 180w, https:\/\/www.baby-uni.at\/wordpress\/wp-content\/uploads\/elternbildungbb01-150x150.jpg 150w\" sizes=\"auto, (max-width: 159px) 100vw, 159px\" \/><\/a>Eltern-Abende, Eltern-Workshops, Eltern-Semester-Gruppen, Workshop-Reihen, &#8230; Genaueres finden Sie hier:<\/p>\n<p style=\"text-align: left;\"><span style=\"color: #970600;\"><strong><a style=\"color: #970600;\" href=\"http:\/\/www.baby-uni.at\/wordpress\/veranstaltungen\/\" target=\"_blank\" rel=\"noopener noreferrer\">Veranstaltungen <\/a><\/strong><\/span><\/p>\n<h4 class=\"header1\" style=\"text-align: left;\"><\/h4>\n<h4 class=\"header1\" style=\"text-align: left;\"><span style=\"color: #993300;\"><strong><span style=\"color: #970600;\">Eltern-Bildung\/Begleitung der Eltern in den Spielgruppen<\/span><span class=\"textfont\"><br \/>\n<\/span><\/strong><\/span><span class=\"textfont\"><span style=\"color: #333333;\"> In den Spielgruppen begleite ich nicht nur die Kinder sondern auch die Eltern, indem ich sie zu eigenen Einsichten anrege &#8211; z.B. durch Beobachtungs-Aufgaben oder Fragestellungen. Die wichtigste T\u00e4tigkeit der Eltern w\u00e4hrend der Eltern-Kind-Gruppen ist die wertsch\u00e4tzende Beobachtung des eigenen Kindes und die liebevolle Selbst-Beobachtung<\/span>. <\/span><\/h4>\n<h4 class=\"header1\" style=\"text-align: left;\"><span style=\"color: #993300;\"><span style=\"color: #970600;\"><strong>Beobachtung des eigenen Kindes<\/strong><\/span><strong><span class=\"textfont\"><br \/>\n<\/span><\/strong><\/span><span class=\"textfont\"><span style=\"color: #333333;\"> Mein Kind lernt nicht nur von mir und seiner Umgebung, sondern es kann auch ein Lehrer f\u00fcr mich sein, wenn ich mich darauf einlasse. Wenn ich mich daf\u00fcr \u00f6ffne, erm\u00f6glicht mir die Beobachtung meines Kindes neue Einsichten \u00fcber mich selbst und ich lerne mich selbst besser kennen.<\/span> <\/span><\/h4>\n<p><a href=\"http:\/\/www.baby-uni.at\/elternbildung.htm#\"><img loading=\"lazy\" decoding=\"async\" id=\"Image201\" src=\"http:\/\/www.baby-uni.at\/img\/elternbildungsa02.jpg\" alt=\"\" width=\"130\" height=\"130\" name=\"Image201\" border=\"0\" \/><\/a><a href=\"http:\/\/www.baby-uni.at\/elternbildung.htm#\"><img loading=\"lazy\" decoding=\"async\" id=\"Image211\" src=\"http:\/\/www.baby-uni.at\/img\/elternbildungba02.jpg\" alt=\"\" width=\"181\" height=\"180\" name=\"Image211\" border=\"0\" \/><\/a><\/p>\n<h4 class=\"header1\" style=\"text-align: left;\"><span style=\"color: #970600;\"><strong>Selbst-Beobachtung<\/strong><\/span><br \/>\n<span class=\"textfont\" style=\"color: #333333;\"> Die liebevolle Selbst-Beobachtung erm\u00f6glicht mir als Mutter\/Vater, in Kontakt mit mir selbst zu kommen.<\/span><\/h4>\n<h4 style=\"text-align: left;\" align=\"center\"><span class=\"header2\"><span style=\"color: #333333;\">In Stille bei mir sein, einfach da sein, bewusst sein, in Kontakt mit mir selbst sein!<\/span><br \/>\n<span style=\"color: #333333;\"> Erst, wenn ich mit mir selbst in liebevollem Kontakt bin, kann ich auch mit meinem Kind in liebevollem Kontakt sein!<\/span> <\/span><\/h4>\n<p class=\"header2\" align=\"center\"><a href=\"http:\/\/www.baby-uni.at\/elternbildung.htm#\"><img loading=\"lazy\" decoding=\"async\" id=\"Image221\" src=\"http:\/\/www.baby-uni.at\/img\/elternbildungba04.jpg\" alt=\"\" width=\"180\" height=\"180\" name=\"Image221\" border=\"0\" \/><\/a><a href=\"http:\/\/www.baby-uni.at\/elternbildung.htm#\"><img loading=\"lazy\" decoding=\"async\" id=\"Image231\" src=\"http:\/\/www.baby-uni.at\/img\/elternbildungsa04.jpg\" alt=\"\" width=\"130\" height=\"130\" name=\"Image231\" border=\"0\" \/><\/a><\/p>\n<h4 class=\"header1\" style=\"text-align: left;\"><span style=\"color: #970600;\"><strong>Eltern-Abende\/Eltern-Workshops<\/strong><\/span><\/h4>\n<h4 style=\"text-align: left;\"><span style=\"color: #333333;\">F\u00fcr ausf\u00fchrliche, vertiefende Gespr\u00e4che zu den aktuellen Erfahrungen und Themen der Eltern biete ich Eltern-Abende an. Diese <span class=\"textfont\">Eltern-Treffen ohne Kinder erm\u00f6glichen Austausch, intensivere Unterst\u00fctzung und Begleitung in folgenden Bereichen:<\/span><\/span><\/h4>\n<ul>\n<li style=\"text-align: left;\">\n<h4><span style=\"color: #333333;\">Geschehnisse aus den Eltern-Kind-Gruppen und von Zuhause<\/span><\/h4>\n<\/li>\n<li class=\"textfont\">\n<h4 style=\"text-align: left;\"><span style=\"color: #333333;\">Aktuelle Themen und Fragen der Eltern:<\/span><\/h4>\n<\/li>\n<li class=\"textfont\">\n<h4 style=\"text-align: left;\"><span style=\"color: #333333;\">Nat\u00fcrliche Entwicklung meines Kindes: Spiel- und Bewegungs-Entwicklung, emotionale Entwicklung, Sozial- und Pers\u00f6nlichkeits-Entwicklung<\/span><\/h4>\n<\/li>\n<li class=\"textfont\">\n<h4 style=\"text-align: left;\"><span style=\"color: #333333;\">Wie erreiche ich ein beziehungsvolles Miteinander\/Kooperation mit meinem<\/span> <span style=\"color: #333333;\">Baby\/Kleinkind in allt\u00e4glichen Pflegesituationen? &#8230;<\/span><\/h4>\n<\/li>\n<li class=\"textfont\">\n<h4 style=\"text-align: left;\"><span style=\"color: #333333;\">Welche Bed\u00fcrfnisse, Gef\u00fchle und Grenzen habe ich und welche hat mein Kind?<\/span><\/h4>\n<\/li>\n<li class=\"textfont\" style=\"text-align: left;\">\n<h4><span style=\"color: #333333;\">Wie entwickelt mein Kind Eigenverantwortlichkeit und Selbst\u00e4ndigkeit?<\/span><\/h4>\n<\/li>\n<li class=\"textfont\" style=\"text-align: left;\">\n<h4><span style=\"color: #333333;\">Wie wirkt sich das freie ungest\u00f6rte Spielen in einer vorbereiteten Umgebung auf mein Kind aus?<\/span><\/h4>\n<\/li>\n<li class=\"textfont\" style=\"text-align: left;\">\n<h4><span style=\"color: #333333;\">Wie erreiche ich eine gewaltfreie, einf\u00fchlsame Kommunikation mit meinem Kind?<\/span><\/h4>\n<\/li>\n<li class=\"textfont\">\n<h4 style=\"text-align: left;\"><span style=\"color: #333333;\">Wie begleite ich mein Kleinkind einf\u00fchlsam bei Konfrontationen mit anderen Kindern?<\/span><\/h4>\n<\/li>\n<li class=\"textfont\">\n<h4 style=\"text-align: left;\"><span style=\"color: #333333;\">Pikler- und Montessori-P\u00e4dagogik<\/span><\/h4>\n<\/li>\n<li class=\"textfont\">\n<h4 class=\"textfont\" align=\"left\"><span style=\"color: #333333;\"><span class=\"textfont\">&#8230;<\/span><span class=\"textfont\"><br \/>\n<\/span><\/span><\/h4>\n<\/li>\n<\/ul>\n<p style=\"text-align: left;\"><span style=\"color: #970600;\"><strong>Workshop-Themen<\/strong><\/span><\/p>\n<p style=\"text-align: left;\"><span style=\"color: #333333;\">In den Eltern-Workshops setzen wir uns mit unterschiedlichen Themen, die im Beziehungs-Alltag mit unseren Kindern auftreten, genauer auseinander.<\/span><\/p>\n<ul>\n<li class=\"textfont\" style=\"text-align: left;\">\n<h4 style=\"text-align: left;\"><span style=\"color: #333333;\">Von der Erziehung zur Einf\u00fchlung<\/span><\/h4>\n<\/li>\n<li class=\"textfont\" style=\"text-align: left;\">\n<h4 style=\"text-align: left;\"><span style=\"color: #333333;\">Was will mir mein Neugeborenes mit seinen Lauten und Zeichen sagen<\/span><\/h4>\n<\/li>\n<li class=\"textfont\" style=\"text-align: left;\">\n<h4 style=\"text-align: left;\"><span style=\"color: #333333;\">Eigene Bed\u00fcrfnisse und Bed\u00fcrfnisse meines Kindes erkennen und einf\u00fchlsam darauf eingehen<\/span><\/h4>\n<\/li>\n<li class=\"textfont\" style=\"text-align: left;\">\n<h4 style=\"text-align: left;\"><span style=\"color: #333333;\">Beziehung durch einf\u00fchlsame Ber\u00fchrung und durch Liebe &amp; Respekt<\/span><\/h4>\n<\/li>\n<li class=\"textfont\" style=\"text-align: left;\">\n<h4 style=\"text-align: left;\"><span style=\"color: #333333;\">Einf\u00fchlsames Wickeln, windelfrei<\/span><\/h4>\n<\/li>\n<li class=\"textfont\" style=\"text-align: left;\">\n<h4 style=\"text-align: left;\"><span style=\"color: #333333;\">Einf\u00fchlsames Beisammensein in Essens-Situationen<\/span><\/h4>\n<\/li>\n<li class=\"textfont\" style=\"text-align: left;\">\n<h4 style=\"text-align: left;\"><span style=\"color: #333333;\">Von der Brust\/Vom Fl\u00e4schchen zum selbst\u00e4ndigen Essen<\/span><\/h4>\n<\/li>\n<li>\n<h4>Wie Freies Spiel und Freie Bewegung der Pers\u00f6nlichkeits-Entwicklung dient<\/h4>\n<\/li>\n<li style=\"text-align: left;\">\n<h4><span style=\"color: #333333;\">Einf\u00fchlsam und klar NEIN sagen, elterliche Macht und Verantwortung<\/span><\/h4>\n<\/li>\n<li style=\"text-align: left;\">\n<h4><span style=\"color: #333333;\">Freiheit &amp; Grenzen, Orientierung geben statt Befehlen<\/span><\/h4>\n<\/li>\n<li style=\"text-align: left;\">\n<h4><span style=\"color: #333333;\">Scham- und Schuldgef\u00fchle verhindern bzw. aufl\u00f6sen<\/span><\/h4>\n<\/li>\n<li class=\"textfont\">\n<h4 style=\"text-align: left;\"><span style=\"color: #333333;\">Konfrontationen zwischen kleinen Kindern einf\u00fchlsam begleiten<\/span><\/h4>\n<\/li>\n<li style=\"text-align: left;\">\n<h4><span style=\"color: #333333;\">Mein Kleinkind bei heftigen Emotionen einf\u00fchlsam begleiten (Konstruktiver Umgang mit Wut, Angst, Trauer, &#8230;)<\/span><\/h4>\n<\/li>\n<li class=\"textfont\">\n<h4 style=\"text-align: left;\"><span style=\"color: #333333;\">Geschwister-Rivalit\u00e4ten erkennen und einf\u00fchlsam begleiten<\/span><\/h4>\n<\/li>\n<li class=\"textfont\">\n<h4 style=\"text-align: left;\"><span style=\"color: #333333;\">Mein Kind beim \u00dcbergang vom S\u00e4uglings- zum Kleinkindalter (dem sogenannten &#8222;Trotzalter&#8220;) einf\u00fchlsam begleiten<\/span><\/h4>\n<\/li>\n<li class=\"textfont\">\n<h4 style=\"text-align: left;\"><span style=\"color: #333333;\">Einf\u00fchlsame, klare Autorit\u00e4t, Leitwolf sein &#8211; anstatt autorit\u00e4r sein oder statt Laissez-Faire-Stil<\/span><\/h4>\n<\/li>\n<li class=\"textfont\">\n<h4 style=\"text-align: left;\"><span style=\"color: #333333;\">Eine liebevolle Verbindung mit meinem Kind aufbauen\/aufrecht erhalten\/wieder herstellen<\/span><\/h4>\n<\/li>\n<li class=\"textfont\" style=\"text-align: left;\">\n<h4 style=\"text-align: left;\"><span style=\"color: #333333;\">Elternschaft als transformativer Prozess:<\/span><\/h4>\n<\/li>\n<li class=\"textfont\" style=\"text-align: left;\">\n<h4 style=\"text-align: left;\"><span style=\"color: #333333;\">Mein Kind und das Kind in mir &#8211; Mein Inneres Kind, Zusammenh\u00e4nge zwischen der eigenen Beziehungs-Geschichte und meiner Beziehung mit meinem Baby\/Kleinkind erkennen und f\u00fcr ein beziehungsvolles Miteinander nutzen<\/span><\/h4>\n<\/li>\n<li class=\"textfont\" style=\"text-align: left;\">\n<h4><span style=\"color: #333333;\">&#8230;<\/span><\/h4>\n<\/li>\n<\/ul>\n<h4 class=\"header1\" style=\"text-align: left;\"><span style=\"color: #800000;\"><span style=\"color: #970600;\"><strong>Termine f\u00fcr Eltern-Abende und Eltern-Workshops <\/strong><\/span><span style=\"color: #333333;\"><span style=\"color: #970600;\">finden Sie unter <strong><a style=\"color: #970600;\" href=\"http:\/\/www.baby-uni.at\/wordpress\/veranstaltungen\/\" target=\"_blank\" rel=\"noopener noreferrer\">Veranstaltungen<\/a><\/strong><\/span><br \/>\n<\/span><\/span><\/h4>\n<p style=\"text-align: left;\"><strong><span style=\"color: #800000;\">\u00a0\u00a0\u00a0\u00a0\u00a0\u00a0\u00a0\u00a0\u00a0\u00a0\u00a0\u00a0\u00a0\u00a0\u00a0\u00a0\u00a0\u00a0\u00a0\u00a0\u00a0\u00a0\u00a0\u00a0\u00a0\u00a0\u00a0\u00a0\u00a0\u00a0\u00a0\u00a0\u00a0\u00a0\u00a0\u00a0\u00a0\u00a0\u00a0\u00a0\u00a0\u00a0\u00a0\u00a0\u00a0\u00a0\u00a0\u00a0\u00a0\u00a0\u00a0\u00a0\u00a0\u00a0\u00a0\u00a0\u00a0\u00a0\u00a0\u00a0\u00a0\u00a0\u00a0\u00a0\u00a0\u00a0\u00a0\u00a0\u00a0\u00a0\u00a0\u00a0\u00a0\u00a0\u00a0\u00a0\u00a0\u00a0\u00a0\u00a0\u00a0\u00a0\u00a0\u00a0\u00a0\u00a0\u00a0\u00a0\u00a0\u00a0\u00a0\u00a0\u00a0\u00a0\u00a0\u00a0\u00a0\u00a0\u00a0\u00a0\u00a0\u00a0\u00a0\u00a0\u00a0\u00a0\u00a0\u00a0\u00a0\u00a0\u00a0\u00a0\u00a0\u00a0\u00a0\u00a0\u00a0\u00a0\u00a0\u00a0\u00a0\u00a0\u00a0\u00a0\u00a0\u00a0\u00a0\u00a0\u00a0\u00a0\u00a0\u00a0\u00a0\u00a0\u00a0\u00a0\u00a0\u00a0 <span style=\"color: #970600;\">Spielgruppen <\/span><\/span><\/strong><span style=\"color: #993300;\"><span style=\"color: #970600;\"><strong>&#8211; Hospitation<\/strong><\/span> \u00a0 \u00a0\u00a0\u00a0\u00a0\u00a0\u00a0\u00a0<\/span>\u00a0\u00a0\u00a0\u00a0\u00a0\u00a0\u00a0\u00a0\u00a0\u00a0\u00a0\u00a0\u00a0\u00a0\u00a0\u00a0\u00a0\u00a0\u00a0\u00a0\u00a0\u00a0\u00a0\u00a0\u00a0\u00a0\u00a0\u00a0\u00a0\u00a0\u00a0\u00a0\u00a0\u00a0\u00a0\u00a0\u00a0\u00a0\u00a0\u00a0\u00a0\u00a0\u00a0\u00a0\u00a0\u00a0\u00a0\u00a0\u00a0\u00a0\u00a0\u00a0\u00a0\u00a0\u00a0\u00a0\u00a0\u00a0\u00a0\u00a0\u00a0\u00a0\u00a0\u00a0\u00a0\u00a0\u00a0\u00a0\u00a0\u00a0\u00a0\u00a0\u00a0\u00a0 <span style=\"color: #333333;\">Beinhaltet ein Einf\u00fchrungs-Gespr\u00e4ch und die Teilnahme an einer Spielgruppe mit Nachbesprechung.<\/span><span class=\"textfont\" style=\"color: #970600;\"> <a style=\"color: #970600;\" href=\"http:\/\/www.baby-uni.at\/wordpress\/kontakt-anmeldung\/\" target=\"_blank\" rel=\"noopener noreferrer\"><u>Nach Vereinbarung!<\/u><\/a><\/span><\/p>\n<\/td>\n<\/tr>\n<tr>\n<td class=\"textfont\" style=\"text-align: left;\" colspan=\"3\" align=\"center\" valign=\"middle\" bgcolor=\"#ffffff\" height=\"234\"><a href=\"http:\/\/www.baby-uni.at\/spielgruppen.htm#\"><img loading=\"lazy\" decoding=\"async\" src=\"http:\/\/www.baby-uni.at\/img\/spielraumba02.jpg\" alt=\"\" width=\"180\" height=\"180\" name=\"Image19\" border=\"0\" \/><\/a><a href=\"http:\/\/www.baby-uni.at\/spielgruppen.htm#\"><img loading=\"lazy\" decoding=\"async\" src=\"http:\/\/www.baby-uni.at\/img\/spielraumsb03.jpg\" alt=\"\" width=\"120\" height=\"120\" name=\"Image20\" border=\"0\" \/><\/a><\/td>\n<td colspan=\"5\" rowspan=\"2\" valign=\"top\" bgcolor=\"#ffffff\"><\/td>\n<\/tr>\n<\/tbody>\n<\/table>\n","protected":false},"excerpt":{"rendered":"<p>E L T E R N &#8211; B I L D U N G Eltern-Abende, Eltern-Workshops, Eltern-Semester-Gruppen, Workshop-Reihen, &#8230; Genaueres finden Sie hier: Veranstaltungen Eltern-Bildung\/Begleitung der Eltern in den Spielgruppen In den Spielgruppen begleite ich nicht nur die Kinder sondern &hellip; <a href=\"https:\/\/www.baby-uni.at\/wordpress\/eltern-bildung\/\">Weiterlesen <span class=\"meta-nav\">&rarr;<\/span><\/a><\/p>\n","protected":false},"author":1,"featured_media":0,"parent":0,"menu_order":3,"comment_status":"closed","ping_status":"closed","template":"","meta":{"footnotes":""},"class_list":["post-24","page","type-page","status-publish","hentry"],"_links":{"self":[{"href":"https:\/\/www.baby-uni.at\/wordpress\/wp-json\/wp\/v2\/pages\/24","targetHints":{"allow":["GET"]}}],"collection":[{"href":"https:\/\/www.baby-uni.at\/wordpress\/wp-json\/wp\/v2\/pages"}],"about":[{"href":"https:\/\/www.baby-uni.at\/wordpress\/wp-json\/wp\/v2\/types\/page"}],"author":[{"embeddable":true,"href":"https:\/\/www.baby-uni.at\/wordpress\/wp-json\/wp\/v2\/users\/1"}],"replies":[{"embeddable":true,"href":"https:\/\/www.baby-uni.at\/wordpress\/wp-json\/wp\/v2\/comments?post=24"}],"version-history":[{"count":58,"href":"https:\/\/www.baby-uni.at\/wordpress\/wp-json\/wp\/v2\/pages\/24\/revisions"}],"predecessor-version":[{"id":2431,"href":"https:\/\/www.baby-uni.at\/wordpress\/wp-json\/wp\/v2\/pages\/24\/revisions\/2431"}],"wp:attachment":[{"href":"https:\/\/www.baby-uni.at\/wordpress\/wp-json\/wp\/v2\/media?parent=24"}],"curies":[{"name":"wp","href":"https:\/\/api.w.org\/{rel}","templated":true}]}}