{"id":33,"date":"2015-08-31T19:54:04","date_gmt":"2015-08-31T17:54:04","guid":{"rendered":"http:\/\/www.baby-uni.at\/wordpress\/?page_id=33"},"modified":"2025-05-07T15:22:06","modified_gmt":"2025-05-07T13:22:06","slug":"bewusst-sein","status":"publish","type":"page","link":"https:\/\/www.baby-uni.at\/wordpress\/bewusst-sein\/","title":{"rendered":"Bewusst-sein"},"content":{"rendered":"<p><!-- InstanceEndEditable --><\/p>\n<p><!-- InstanceBeginEditable name=\"EditRegion6\" --><\/p>\n<table style=\"height: 3358px;\" border=\"0\" width=\"513\" cellspacing=\"0\" cellpadding=\"0\" align=\"center\" bgcolor=\"#ffffff\">\n<tbody>\n<tr>\n<td class=\"header1\" colspan=\"5\" align=\"center\" valign=\"middle\" bgcolor=\"#ffffff\">\n<div style=\"text-align: center;\" align=\"left\"><span style=\"color: #970600;\"><strong>B E W U S S T\u00a0 &#8211;\u00a0 S E I N<\/strong><\/span><\/div>\n<div style=\"text-align: center;\" align=\"left\"><span style=\"color: #993300;\">\u00a0<\/span><\/div>\n<div style=\"text-align: center;\" align=\"left\"><span style=\"color: #993300;\"><em>\u00a0 \u00a0 \u00a0 \u00a0 \u00a0 \u00a0 \u00a0\u00a0 <span style=\"color: #970600;\">&#8222;Da ist mehr Hunger nach Liebe und Anerkennung in dieser Welt als Hunger nach Brot!&#8220;<\/span><\/em><\/span><\/div>\n<div style=\"text-align: center;\" align=\"left\"><span class=\"textfont\" style=\"color: #333333;\">Mutter Theresa <\/span><\/div>\n<div style=\"text-align: center;\" align=\"left\">\n<p class=\"textfont\" align=\"left\"><a href=\"http:\/\/www.baby-uni.at\/bewusstsein.htm#\"><img loading=\"lazy\" decoding=\"async\" class=\"alignleft\" src=\"http:\/\/www.baby-uni.at\/img\/besusstseinba02.jpg\" alt=\"\" width=\"180\" height=\"180\" name=\"Image21\" border=\"0\" \/><\/a><\/p>\n<p class=\"textfont\" align=\"left\"><a href=\"http:\/\/www.baby-uni.at\/bewusstsein.htm#\"><img loading=\"lazy\" decoding=\"async\" class=\"attachment-60x60 alignnone\" src=\"http:\/\/www.baby-uni.at\/wordpress\/wp-content\/uploads\/besusstseinbb02-150x150.jpg\" alt=\"\" width=\"136\" height=\"136\" \/><\/a>\u00a0\u00a0 \u00a0\u00a0\u00a0\u00a0\u00a0\u00a0\u00a0\u00a0\u00a0\u00a0\u00a0\u00a0\u00a0\u00a0\u00a0\u00a0\u00a0\u00a0\u00a0\u00a0\u00a0\u00a0\u00a0\u00a0\u00a0\u00a0\u00a0\u00a0\u00a0\u00a0\u00a0\u00a0\u00a0\u00a0\u00a0\u00a0\u00a0\u00a0\u00a0\u00a0\u00a0\u00a0\u00a0\u00a0\u00a0\u00a0\u00a0\u00a0\u00a0\u00a0\u00a0\u00a0\u00a0\u00a0\u00a0\u00a0\u00a0\u00a0\u00a0\u00a0\u00a0\u00a0\u00a0\u00a0\u00a0\u00a0\u00a0\u00a0\u00a0\u00a0\u00a0\u00a0\u00a0\u00a0\u00a0\u00a0\u00a0\u00a0\u00a0\u00a0\u00a0\u00a0\u00a0\u00a0\u00a0\u00a0\u00a0\u00a0\u00a0\u00a0\u00a0\u00a0\u00a0\u00a0\u00a0\u00a0\u00a0\u00a0\u00a0\u00a0\u00a0\u00a0\u00a0\u00a0\u00a0\u00a0\u00a0\u00a0\u00a0\u00a0\u00a0\u00a0\u00a0\u00a0\u00a0\u00a0\u00a0\u00a0\u00a0\u00a0\u00a0\u00a0\u00a0\u00a0\u00a0\u00a0\u00a0\u00a0\u00a0\u00a0\u00a0\u00a0\u00a0\u00a0\u00a0\u00a0\u00a0 <span style=\"color: #333333;\">Die Basis f\u00fcr eine gesunde Entwicklung unserer Kinder ist ein beziehungsvolles, achtsames Beisammensein zwischen uns Eltern\/ Erwachsenen und unseren Kindern.<\/span><\/p>\n<\/div>\n<p class=\"textfont\" align=\"left\"><span style=\"color: #333333;\">Wenn wir das nat\u00fcrliche Bed\u00fcrfnis unserer Babys nach Liebe und Achtsamkeit in den allt\u00e4glichen Pflegesituationen (wie Baden, Anziehen, Wickeln, beim Herausnehmen aus und Hineinlegen in ihr Bettchen, \u2026 und beim Stillen) mit unserer ganzen Aufmerksamkeit und Pr\u00e4senz stillen, dann sind unsere Kinder satt mit Liebe und Aufmerksamkeit. Derart ges\u00e4ttigt haben sie es nicht mehr n\u00f6tig, um Liebe und Anerkennung zu k\u00e4mpfen. <span style=\"color: #333333;\">Kinder, die einerseits frei spielen und sie selbst sein k\u00f6nnen und andererseits beziehungsvolles Miteinander mit ihren Eltern erleben, <\/span> sind frei, solchen T\u00e4tigkeiten und Spielen nachzugehen, die ihrem innersten Wesen und Bed\u00fcrfnissen entsprechen. <\/span><span style=\"color: #333333;\">Solche Kinder f\u00fchren keine Kriege \u2013 weder gegen sich selbst, noch gegen andere!<\/span><\/p>\n<p class=\"textfont\" align=\"left\"><span style=\"color: #333333;\">Indem wir ehrlich, gegenw\u00e4rtig, aufmerksam \u2013 also<\/span> <span style=\"color: #333333;\">beziehungsvoll mit unserem Kind beisammen sind und indem wir unserem Kind einen vorbereiteten Raum zur Verf\u00fcgung stellen, wo es frei und sicher spielen kann, leisten wir einen wichtigen<\/span><span style=\"color: #970600;\"> <strong>Beitrag zur Friedens-Erziehung! <\/strong><\/span><\/p>\n<p class=\"textfont\" style=\"padding-left: 40px;\" align=\"left\"><a href=\"http:\/\/www.baby-uni.at\/bewusstsein.htm#\"><img loading=\"lazy\" decoding=\"async\" class=\"aligncenter\" src=\"http:\/\/www.baby-uni.at\/img\/besusstseinba04.jpg\" alt=\"\" width=\"180\" height=\"180\" name=\"Image25\" border=\"0\" \/><\/a><span style=\"color: #333333;\">Unsere<\/span> <span style=\"color: #970600;\"><strong><a style=\"color: #970600;\" href=\"http:\/\/www.baby-uni.at\/wordpress\/veranstaltungen\/\" target=\"_blank\" rel=\"noopener noreferrer\">Elternschaft kann ein transformativer Prozess <\/a><\/strong><\/span><span style=\"color: #6e4242;\">sein:<\/span><\/p>\n<p class=\"textfont\" align=\"left\"><span style=\"color: #333333;\"><span style=\"color: #6e4242;\">Meistens l\u00f6st das Zusammensein mit<\/span> unseren Kindern viel Freude bei uns aus. Manchesmal gibt es jedoch auch Situationen, die bei uns Eltern statt Freude heftige Emotionen wie Widerstand, Angst, Wut, Trauer, Schuld- oder Scham-Gef\u00fchle, Unsicherheit, &#8230; ausl\u00f6sen. In solchen Situationen begleite ich alle Eltern, die bereit daf\u00fcr sind, durch ihren Prozess: Gemeinsam finden wir die wirklichen Ursachen heraus, weshalb Sie in bestimmten Situationen mit Ihrem Kind\/Ihren Kindern mit Widerstand und\/oder heftigen Emotionen reagieren.<\/span><\/p>\n<p class=\"textfont\" align=\"left\"><span style=\"color: #333333;\">Dies ist der Beginn des transformativen Heilungsprozesses: Wir reagieren n\u00e4mlich in jenen Situationen mit unseren Kindern (und auch Partnern, Freunde, &#8230;) befangen, heftig, emotional, w\u00fctend, ohnm\u00e4chtig, \u00e4ngstlich, nerv\u00f6s, &#8230; , die uns an eigene\u00a0Verletzungen erinnern, die bei uns in unserer eigenen Kindheit entstanden sind. Damals mussten wir unsere intensiven Gef\u00fchle verdr\u00e4ngen, weil wir sie alleine &#8211; ohne Hilfe durch unsere Bezugspersonen &#8211; nicht verarbeiten konnten. Durch Erlebnisse mit unseren eigenen Kindern werden wir genau an diese unverdauten emotionalen Erlebnisse erinnert. Die alten Emotionen werden angeteast, getriggert. Meist kommt dabei zun\u00e4chst Widerstand zum Vorschein, bevor uns unsere alten Emotionen bewusst werden. Wir sp\u00fcren auch destruktive Glaubenss\u00e4tze auf, die bei diesen schmerzvollen Erlebnissen entstanden sind und ersetzen sie durch hilfreiche, konstruktive Glaubenss\u00e4tze. Sobald wir uns unserer unverarbeiteten Emotionen bewusst geworden sind, sie bewusst ausgef\u00fchlt haben und destruktive Glaubenss\u00e4tze durch hilfreiche Glaubenss\u00e4tze ersetzen k\u00f6nnen, <span style=\"color: #970600;\">f\u00fchlen wir uns zusehends erleichtert und im Zusammensein mit unseren Kindern befreiter, sicherer und zufriedener!<\/span><\/span><\/p>\n<p class=\"textfont\" style=\"text-align: left;\" align=\"left\"><a href=\"http:\/\/baby-uni.at\/bewusstsein.htm#\"><img loading=\"lazy\" decoding=\"async\" class=\"alignleft\" src=\"http:\/\/baby-uni.at\/img\/besusstseinba01.jpg\" alt=\"\" width=\"180\" height=\"180\" name=\"Image19\" border=\"0\" \/><img loading=\"lazy\" decoding=\"async\" class=\"attachment-60x60 alignnone\" src=\"http:\/\/www.baby-uni.at\/wordpress\/wp-content\/uploads\/besusstseinbb01-150x150.jpg\" alt=\"\" width=\"124\" height=\"124\" \/><\/a><span style=\"color: #000000;\"><em>\u00a0\u00a0\u00a0\u00a0\u00a0\u00a0\u00a0\u00a0\u00a0\u00a0\u00a0\u00a0\u00a0\u00a0\u00a0\u00a0\u00a0\u00a0\u00a0\u00a0\u00a0\u00a0\u00a0\u00a0\u00a0\u00a0\u00a0\u00a0\u00a0\u00a0\u00a0\u00a0\u00a0\u00a0\u00a0\u00a0\u00a0\u00a0\u00a0\u00a0\u00a0\u00a0\u00a0\u00a0\u00a0\u00a0\u00a0\u00a0\u00a0\u00a0\u00a0\u00a0\u00a0\u00a0\u00a0\u00a0\u00a0\u00a0\u00a0\u00a0\u00a0\u00a0\u00a0\u00a0\u00a0\u00a0\u00a0\u00a0\u00a0\u00a0\u00a0\u00a0\u00a0\u00a0\u00a0\u00a0\u00a0\u00a0\u00a0\u00a0\u00a0\u00a0\u00a0\u00a0\u00a0\u00a0\u00a0\u00a0\u00a0\u00a0\u00a0\u00a0\u00a0\u00a0\u00a0\u00a0\u00a0\u00a0\u00a0\u00a0\u00a0\u00a0\u00a0\u00a0\u00a0\u00a0\u00a0\u00a0\u00a0\u00a0\u00a0\u00a0\u00a0\u00a0 \u00a0\u00a0\u00a0\u00a0\u00a0\u00a0\u00a0\u00a0\u00a0\u00a0\u00a0\u00a0\u00a0\u00a0\u00a0\u00a0\u00a0\u00a0 <span style=\"color: #333333;\">Wenn auch Sie Ihre Pr\u00e4senz, Ihre Gegenw\u00e4rtigkeit und Ihre Bewusstheit weiter entwickeln wollen, besuchen Sie mit Ihrem Baby oder Kleinkind meine Eltern-Kind-Kind-Gruppen mit Eltern-Bildung oder kommen Sie zu einer meiner Eltern-Veranstaltungen (Eltern-Workshops, Eltern-Abende, Eltern-\/Familien-Einzelberatungen)!<\/span><\/em><\/span><\/p>\n<p class=\"textfont\" style=\"text-align: left;\" align=\"left\"><span style=\"color: #970600;\"><em>Berta M. Kainz<\/em><\/span><\/p>\n<p class=\"textfont\" style=\"text-align: left;\" align=\"left\"><span style=\"color: #970600;\"><a style=\"color: #970600;\" href=\"http:\/\/www.baby-uni.at\/wordpress\/veranstaltungen-2\/\"><strong>Eltern-Kind-Gruppen mit Eltern-Bildung<\/strong> <span style=\"text-decoration: underline;\">hier<\/span><\/a><\/span><br \/>\n<span style=\"color: #970600;\"><a style=\"color: #970600;\" href=\"http:\/\/www.baby-uni.at\/wordpress\/veranstaltungen\/\"><strong>Eltern-Bildungs-Veranstaltungen <\/strong><span style=\"text-decoration: underline;\">hier<\/span><\/a>\u00a0 \u00a0\u00a0\u00a0\u00a0\u00a0\u00a0\u00a0\u00a0\u00a0\u00a0\u00a0\u00a0 \u00a0 \u00a0 \u00a0 \u00a0\u00a0\u00a0 <\/span><\/p>\n<p class=\"textcolor\" style=\"text-align: center;\"><span style=\"color: #970600;\"><a style=\"color: #970600;\" href=\"http:\/\/www.baby-uni.at\/bewusstsein.htm#\"><img loading=\"lazy\" decoding=\"async\" class=\"alignnone\" src=\"http:\/\/www.baby-uni.at\/img\/besusstseinsa03.jpg\" alt=\"\" width=\"120\" height=\"120\" name=\"Image23\" border=\"0\" \/><\/a><\/span><a href=\"http:\/\/www.baby-uni.at\/bewusstsein.htm#\"><em><span style=\"color: #800000;\"><img loading=\"lazy\" decoding=\"async\" class=\"attachment-60x60 alignnone\" src=\"http:\/\/www.baby-uni.at\/wordpress\/wp-content\/uploads\/besusstseinsb03.jpg\" alt=\"\" width=\"120\" height=\"120\" \/><\/span><\/em><\/a><\/p>\n<p class=\"textcolor\" style=\"text-align: center;\"><span style=\"color: #993300;\"><em>\u00a0 \u201eZuerst Friede in dir, dann in der Welt und nicht umgekehrt!\u201c<\/em><\/span><br \/>\n<span class=\"textfont\" style=\"color: #800000;\"><span style=\"color: #333333;\">Bruno P. W\u00fcrtenberger<\/span><a href=\"http:\/\/www.baby-uni.at\/bewusstsein.htm#\"><img loading=\"lazy\" decoding=\"async\" class=\"aligncenter\" src=\"http:\/\/www.baby-uni.at\/img\/besusstseinba03.jpg\" alt=\"\" width=\"180\" height=\"180\" name=\"Image24\" border=\"0\" \/><\/a><span style=\"color: #993300;\"><a style=\"color: #993300;\" href=\"http:\/\/www.baby-uni.at\/wordpress\/wp-content\/uploads\/Gedanken-zum-Bedingungslosen-Grundeinkommen-aus-der-Sicht-einer-Mutter-Berta-M.-Kainz.pdf\" target=\"_blank\" rel=\"noopener noreferrer\"><span style=\"color: #993300;\"><span style=\"text-decoration: underline;\">Gedanken zur bedingungslosen Grundversorgung aus der Sicht einer Mutter<\/span>(pdf)\u00a0 <\/span><\/a><span style=\"color: #333333;\"><a style=\"color: #333333;\" href=\"http:\/\/www.baby-uni.at\/wordpress\/wp-content\/uploads\/Gedanken-zum-Bedingungslosen-Grundeinkommen-aus-der-Sicht-einer-Mutter-Berta-M.-Kainz.pdf\" target=\"_blank\" rel=\"noopener noreferrer\">Berta M. Kainz<\/a><\/span><\/span><\/span><\/p>\n<p style=\"text-align: center;\"><span style=\"color: #993300;\"><em><span class=\"header2\" style=\"color: #970600;\">\u201eWir erziehen unsere Kinder immer zu dem Bewusstsein,<br \/>\nin dem wir uns selbst gerade befinden!&#8220;<\/span><span class=\"textfont\"><br \/>\n<\/span><\/em><span class=\"textfont\" style=\"color: #333333;\">Bruno P. W\u00fcrtenberger<\/span><\/span><\/p>\n<\/td>\n<\/tr>\n<tr>\n<td class=\"textfont\" colspan=\"3\" align=\"center\" valign=\"top\" bgcolor=\"#ffffff\" height=\"234\">\n<p style=\"text-align: center;\"><a href=\"http:\/\/www.baby-uni.at\/bewusstsein.htm#\"><img loading=\"lazy\" decoding=\"async\" class=\"aligncenter\" src=\"http:\/\/www.baby-uni.at\/img\/besusstseinsa04.jpg\" alt=\"\" width=\"157\" height=\"157\" name=\"Image26\" border=\"0\" \/><\/a><span style=\"color: #970600;\"><em><span class=\"header2\">\u201eDas Kind ist der Baumeister seiner selbst!\u201c<\/span><\/em><\/span><br \/>\n<span style=\"color: #800000;\"><span style=\"color: #333333;\"> Maria Montessori<\/span><br \/>\n<\/span><\/p>\n<p style=\"text-align: center;\"><a href=\"http:\/\/www.baby-uni.at\/bewusstsein.htm#\"><img loading=\"lazy\" decoding=\"async\" class=\"alignleft\" src=\"http:\/\/www.baby-uni.at\/img\/besusstseinsa02.jpg\" alt=\"\" width=\"168\" height=\"168\" name=\"Image22\" border=\"0\" \/><\/a><img loading=\"lazy\" decoding=\"async\" class=\"attachment-60x60 alignleft\" src=\"http:\/\/www.baby-uni.at\/wordpress\/wp-content\/uploads\/besusstseinsb02.jpg\" alt=\"\" width=\"133\" height=\"133\" \/><\/p>\n<p style=\"text-align: center;\"><em><span class=\"textcolor\" style=\"color: #800000;\">\u00a0\u00a0\u00a0\u00a0\u00a0\u00a0\u00a0\u00a0\u00a0\u00a0\u00a0\u00a0\u00a0\u00a0\u00a0\u00a0\u00a0\u00a0\u00a0\u00a0\u00a0\u00a0\u00a0\u00a0\u00a0\u00a0\u00a0\u00a0\u00a0\u00a0\u00a0\u00a0\u00a0\u00a0\u00a0\u00a0\u00a0\u00a0\u00a0\u00a0\u00a0\u00a0\u00a0\u00a0\u00a0\u00a0\u00a0\u00a0\u00a0\u00a0\u00a0\u00a0\u00a0\u00a0\u00a0\u00a0\u00a0\u00a0\u00a0\u00a0\u00a0\u00a0\u00a0\u00a0\u00a0\u00a0\u00a0\u00a0\u00a0\u00a0\u00a0\u00a0\u00a0\u00a0\u00a0\u00a0\u00a0\u00a0\u00a0\u00a0\u00a0\u00a0\u00a0\u00a0\u00a0\u00a0\u00a0\u00a0\u00a0\u00a0\u00a0\u00a0\u00a0\u00a0\u00a0\u00a0\u00a0\u00a0\u00a0\u00a0\u00a0\u00a0\u00a0\u00a0\u00a0\u00a0\u00a0\u00a0\u00a0\u00a0\u00a0\u00a0\u00a0\u00a0\u00a0\u00a0\u00a0\u00a0\u00a0\u00a0\u00a0\u00a0\u00a0\u00a0\u00a0\u00a0\u00a0\u00a0\u00a0 <span style=\"color: #970600;\">\u201eHeute soll eine durchschnittliche europ\u00e4ische Mutter immer nett sein.<\/span><br \/>\n<span style=\"color: #970600;\"> Doch oft kommt das nicht aus ihr selbst, sondern sie spielt es.\u201c<\/span><\/span><\/em><br \/>\n<span style=\"color: #333333;\"> Jesper Juul<\/span><\/p>\n<p style=\"text-align: center;\"><span class=\"header2\" style=\"color: #993300;\"><span style=\"color: #970600;\"><em><span class=\"textcolor\">\u201e<\/span>Die Achtung vor anderen Menschen beginnt immer mit der Achtung vor mir\u00a0selbst!<span class=\"textcolor\">\u201c<\/span> <\/em><\/span><span style=\"color: #000000;\"><span style=\"color: #333333;\">Berta Maria Kain<\/span>z<\/span><\/span><\/p>\n<\/td>\n<td colspan=\"5\" rowspan=\"2\" align=\"center\" valign=\"top\" bgcolor=\"#ffffff\"><br class=\"textfont\" \/><br class=\"textfont\" \/><br class=\"textfont\" \/><br class=\"textfont\" \/><\/td>\n<\/tr>\n<\/tbody>\n<\/table>\n","protected":false},"excerpt":{"rendered":"<p>B E W U S S T\u00a0 &#8211;\u00a0 S E I N \u00a0 \u00a0 \u00a0 \u00a0 \u00a0 \u00a0 \u00a0 \u00a0\u00a0 &#8222;Da ist mehr Hunger nach Liebe und Anerkennung in dieser Welt als Hunger nach Brot!&#8220; Mutter Theresa \u00a0\u00a0 \u00a0\u00a0\u00a0\u00a0\u00a0\u00a0\u00a0\u00a0\u00a0\u00a0\u00a0\u00a0\u00a0\u00a0\u00a0\u00a0\u00a0\u00a0\u00a0\u00a0\u00a0\u00a0\u00a0\u00a0\u00a0\u00a0\u00a0\u00a0\u00a0\u00a0\u00a0\u00a0\u00a0\u00a0\u00a0\u00a0\u00a0\u00a0\u00a0\u00a0\u00a0\u00a0\u00a0\u00a0\u00a0\u00a0\u00a0\u00a0\u00a0\u00a0\u00a0\u00a0\u00a0\u00a0\u00a0\u00a0\u00a0\u00a0\u00a0\u00a0\u00a0\u00a0\u00a0\u00a0\u00a0\u00a0\u00a0\u00a0\u00a0\u00a0\u00a0\u00a0\u00a0\u00a0\u00a0\u00a0\u00a0\u00a0\u00a0\u00a0\u00a0\u00a0\u00a0\u00a0\u00a0\u00a0\u00a0\u00a0\u00a0\u00a0\u00a0\u00a0\u00a0\u00a0\u00a0\u00a0\u00a0\u00a0\u00a0\u00a0\u00a0\u00a0\u00a0\u00a0\u00a0\u00a0\u00a0\u00a0\u00a0\u00a0\u00a0\u00a0\u00a0\u00a0\u00a0\u00a0\u00a0\u00a0\u00a0\u00a0\u00a0\u00a0\u00a0\u00a0\u00a0\u00a0\u00a0\u00a0\u00a0\u00a0\u00a0\u00a0\u00a0\u00a0\u00a0\u00a0\u00a0 Die &hellip; <a href=\"https:\/\/www.baby-uni.at\/wordpress\/bewusst-sein\/\">Weiterlesen <span class=\"meta-nav\">&rarr;<\/span><\/a><\/p>\n","protected":false},"author":1,"featured_media":0,"parent":0,"menu_order":4,"comment_status":"closed","ping_status":"closed","template":"","meta":{"footnotes":""},"class_list":["post-33","page","type-page","status-publish","hentry"],"_links":{"self":[{"href":"https:\/\/www.baby-uni.at\/wordpress\/wp-json\/wp\/v2\/pages\/33","targetHints":{"allow":["GET"]}}],"collection":[{"href":"https:\/\/www.baby-uni.at\/wordpress\/wp-json\/wp\/v2\/pages"}],"about":[{"href":"https:\/\/www.baby-uni.at\/wordpress\/wp-json\/wp\/v2\/types\/page"}],"author":[{"embeddable":true,"href":"https:\/\/www.baby-uni.at\/wordpress\/wp-json\/wp\/v2\/users\/1"}],"replies":[{"embeddable":true,"href":"https:\/\/www.baby-uni.at\/wordpress\/wp-json\/wp\/v2\/comments?post=33"}],"version-history":[{"count":52,"href":"https:\/\/www.baby-uni.at\/wordpress\/wp-json\/wp\/v2\/pages\/33\/revisions"}],"predecessor-version":[{"id":2428,"href":"https:\/\/www.baby-uni.at\/wordpress\/wp-json\/wp\/v2\/pages\/33\/revisions\/2428"}],"wp:attachment":[{"href":"https:\/\/www.baby-uni.at\/wordpress\/wp-json\/wp\/v2\/media?parent=33"}],"curies":[{"name":"wp","href":"https:\/\/api.w.org\/{rel}","templated":true}]}}