{"id":5,"date":"2015-08-31T19:15:29","date_gmt":"2015-08-31T17:15:29","guid":{"rendered":"http:\/\/www.baby-uni.at\/wordpress\/?page_id=5"},"modified":"2025-05-07T15:40:38","modified_gmt":"2025-05-07T13:40:38","slug":"spielgruppen","status":"publish","type":"page","link":"https:\/\/www.baby-uni.at\/wordpress\/","title":{"rendered":"Baby-Uni.at mit Eltern-Bildung"},"content":{"rendered":"<table style=\"height: 1404px;\" border=\"0\" width=\"685\" cellspacing=\"0\" cellpadding=\"0\" align=\"center\" bgcolor=\"#ffffff\">\n<tbody>\n<tr>\n<td class=\"header1\" colspan=\"5\" align=\"center\" valign=\"middle\" bgcolor=\"#ffffff\">\n<p style=\"text-align: left;\"><strong><span style=\"color: #970600;\">B A B Y &#8211; U N I <\/span>\u00a0 <span style=\"color: #ffcc00;\">mit Eltern-Bildung <\/span><\/strong><span style=\"color: #ffcc00;\"><strong>seit 2004<\/strong><\/span><\/p>\n<p style=\"text-align: left;\">Termine f\u00fcr Eltern-Bildungs-Veranstaltungen (Eltern-Workshops, Eltern-\/Familien-Einzel-Beratungen) finden Sie unter:<\/p>\n<p style=\"text-align: left;\"><span style=\"color: #970600;\"><strong><a style=\"color: #970600;\" href=\"http:\/\/www.baby-uni.at\/wordpress\/veranstaltungen\/\">Veranstaltungen<\/a> <\/strong><\/span><\/p>\n<p style=\"text-align: left;\"><span style=\"color: #970600;\"><a style=\"color: #970600;\" href=\"http:\/\/www.baby-uni.at\/wordpress\/eltern-familien-einzel-beratungen\/\"><span class=\"textfont\"><strong class=\"header1\">Eltern-\/Familien-Einzel-Beratungen<\/strong><\/span><\/a><\/span><\/p>\n<p style=\"text-align: left;\"><a href=\"http:\/\/www.baby-uni.at\/wordpress\/veranstaltungen-2\/\" target=\"_blank\" rel=\"noopener noreferrer\"><strong><span style=\"color: #970600;\">Eltern-Kind-Gruppen<\/span> <span style=\"color: #ffcc00;\">mit Eltern-Bildung\u00a0<\/span><\/strong> <\/a><\/p>\n<p style=\"text-align: left;\">f\u00fcr Eltern mit Babys und Kleinkindern bis ca 3 \u00bd Jahre<\/p>\n<p><iframe loading=\"lazy\" title=\"Eltern-Kind-Gruppen mit Eltern-Bildung, Berta M. Kainz, http:\/\/www.Baby-Uni.at\" width=\"584\" height=\"329\" src=\"https:\/\/www.youtube.com\/embed\/pnZtYPz97Eo?feature=oembed\" frameborder=\"0\" allow=\"accelerometer; autoplay; clipboard-write; encrypted-media; gyroscope; picture-in-picture; web-share\" referrerpolicy=\"strict-origin-when-cross-origin\" allowfullscreen><\/iframe><\/p>\n<p><iframe loading=\"lazy\" title=\"Eltern-Baby-Gruppen mit Eltern-Bildung\" width=\"584\" height=\"329\" src=\"https:\/\/www.youtube.com\/embed\/4BYO5V_7xoQ?feature=oembed\" frameborder=\"0\" allow=\"accelerometer; autoplay; clipboard-write; encrypted-media; gyroscope; picture-in-picture; web-share\" referrerpolicy=\"strict-origin-when-cross-origin\" allowfullscreen><\/iframe><\/p>\n<p class=\"textfont\" style=\"text-align: left;\">In meinen Eltern-Kind-Gruppen mit Eltern-Bildung stelle ich als Spielraum-Leiterin den Kindern eine vorbereitete Spiel- und Bewegungs-Landschaft zur Verf\u00fcgung. Dort erm\u00f6gliche ich Ihrem Kind in einer Gruppe von 5-8 Kindern 1x w\u00f6chentlich, selbst\u00e4ndig zu spielen, Neues zu entdecken, viele Bewegungs- und Sinnes-Erfahrungen zu sammeln und seine soziale Kompetenz im Umgang mit Gleichaltrigen zu \u00fcben. Ihre aufmerksame Anwesenheit bietet Ihrem Kind die daf\u00fcr n\u00f6tige emotionale Sicherheit.<br \/>Die Baby-Uni mit Eltern-Bildung ist ein Erfahrungs- und Entdeckungsraum sowohl f\u00fcr die Kinder als auch f\u00fcr Sie als Eltern<\/p>\n<p><a href=\"http:\/\/baby-uni.at\/kontakt.htm#\"><img loading=\"lazy\" decoding=\"async\" class=\"alignleft\" src=\"http:\/\/baby-uni.at\/img\/kontaktba01.jpg\" alt=\"\" width=\"205\" height=\"205\" name=\"Image18\" border=\"0\" \/><\/a><a href=\"http:\/\/www.baby-uni.at\/spielgruppen.htm#\"><img loading=\"lazy\" decoding=\"async\" class=\"alignnone\" src=\"http:\/\/www.baby-uni.at\/img\/spielraum01.jpg\" alt=\"Jause in der Spielgruppe\" width=\"203\" height=\"205\" name=\"Image21\" border=\"0\" \/><\/a><a href=\"http:\/\/www.baby-uni.at\/spielgruppen.htm#\"><br \/><\/a><\/p>\n<ul>\n<li class=\"textfont\" style=\"text-align: left;\">Freies Spielen in der Gruppe<\/li>\n<li class=\"textfont\" style=\"text-align: left;\">Selbst-t\u00e4tig Erfahrungen sammeln, Erkenntnisse gewinnen<\/li>\n<li class=\"textfont\" style=\"text-align: left;\">Das eigene Wesen ganzheitlich entfalten<\/li>\n<li class=\"textfont\" style=\"text-align: left;\">Ausgew\u00e4hlte Bewegungs- und Sinnesmaterialien erkunden<\/li>\n<li class=\"textfont\" style=\"text-align: left;\">Erster sozialer Kontakt mit gleichaltrigen Kindern<\/li>\n<li class=\"textfont\" style=\"text-align: left;\">Eltern-Begleitung w\u00e4hrend der Spielgruppen<\/li>\n<li class=\"textfont\" style=\"text-align: left;\">Eltern-Abende und Eltern-Workshops begleitend zu den Spielgruppen<\/li>\n<li class=\"textfont\" style=\"text-align: left;\">In Stille bei sich sein, pr\u00e4sent sein, sich seiner selbst bewusst sein, in Kontakt mit sich selbst sein\/kommen<\/li>\n<li class=\"textfont\" style=\"text-align: left;\">Erst, wenn ich mit mir selbst gut in Kontakt bin, kann ich mit anderen in gutem Kontakt sein!<\/li>\n<li class=\"textfont\" style=\"text-align: left;\">&#8230;<\/li>\n<\/ul>\n<p><span class=\"textcolor\"><em>\u201eWie wir mit den Kindern heute umgehen,<br \/>das wird die Welt von morgen pr\u00e4gen.\u201c<\/em><br \/><\/span><span class=\"textfont\">Hans Jonas<\/span><\/p>\n<p><span style=\"color: #970600;\"><a style=\"color: #970600;\" href=\"http:\/\/www.baby-uni.at\/wordpress\/wp-content\/uploads\/Bildungs-Inhalte-www.Baby-Uni.at-mit-Eltern-Bildung.pdf\"><strong>Bildungs-Inhalte<\/strong> der Baby-Uni mit Eltern-Bildung (pdf)<\/a><\/span><\/p>\n<p><em>\u201eWesentlich ist, dass das Kind m\u00f6glichst viele Dinge selbst entdeckt.<\/em><br \/><em> Wenn wir ihm bei der L\u00f6sung aller Aufgaben &#8218;behilflich&#8216; sind,<\/em><br \/><em> berauben wir es gerade dessen, was f\u00fcr seine geistige Entwicklung das Wichtigste ist. Ein Kind, das durch selbst\u00e4ndige Experimente etwas erreicht hat,<\/em><br \/><em> erwirbt sich ein ganz anderes Wissen, als eines,<\/em><br \/><em> dem die L\u00f6sung fertig geboten wird.\u201c<\/em><br \/>Emmi Pikler<\/p>\n<p style=\"text-align: left;\"><a href=\"http:\/\/www.baby-uni.at\/wordpress\/wp-content\/uploads\/15-Jahre-Baby-Uni-mit-Eltern-Bildung-Plakat3kompr.pdf\" target=\"_blank\" rel=\"noopener noreferrer\"><span style=\"color: #e00000;\"><strong><span style=\"color: #970600;\">15\u00a0 J A H R E\u00a0\u00a0 B A B Y &#8211; U N I<\/span> \u00a0 <span style=\"color: #ffcc00;\">mit Eltern-Bildung <\/span><\/strong><\/span><span style=\"color: #e00000;\"><strong><span style=\"color: #ffcc00;\">seit 2004<\/span><\/strong><\/span> <\/a><\/p>\n<p><img loading=\"lazy\" decoding=\"async\" class=\"thumbnail alignleft\" src=\"http:\/\/www.baby-uni.at\/wordpress\/wp-content\/uploads\/15-Jahre-Baby-Uni-e1558639590625.jpg\" alt=\"\" width=\"224\" height=\"313\" \/><\/p>\n<p style=\"text-align: left;\"><span style=\"color: #970600;\"><a style=\"color: #970600;\" href=\"http:\/\/www.baby-uni.at\/wordpress\/wp-content\/uploads\/15-Jahre-Baby-Uni.at-mit-Eltern-Bildung-PROGRAMM-f%C3%BCr-web.pdf\"><strong>Ein Grund zum Feiern!<\/strong><\/a><\/span><\/p>\n<p style=\"text-align: left;\"><a href=\"http:\/\/www.baby-uni.at\/wordpress\/wp-content\/uploads\/15-Jahre-Baby-Uni-mit-Eltern-Bildung-Plakat3kompr.pdf\" target=\"_blank\" rel=\"noopener noreferrer\"><span style=\"color: #e00000;\"><span style=\"color: #970600;\"><strong>Am Sa 1. Juni 2019 <\/strong><\/span><span style=\"color: #ffcc00;\"><span style=\"color: #e00000;\"><span style=\"color: #333333;\">fand die 15-Jahres-Feier i<\/span><\/span><\/span><span style=\"color: #ffcc00;\"><span style=\"color: #e00000;\"><span style=\"color: #000000;\"><span style=\"color: #333333;\">n 2130 Mistelbach, Bahnstra\u00dfe 29, im Garten des Bioladen &#8222;G&#8217;sundes K\u00f6rberl&#8220;, das ebenfalls sein 15-j\u00e4hriges Bestehen feierte, statt! <\/span><\/span><\/span><\/span><\/span><\/a><\/p>\n<p style=\"text-align: left;\">Ich habe mich sehr \u00fcber all die lieben Besucher gefreut!<\/p>\n<p style=\"text-align: left;\">Hier erh\u00e4ltst du ein paar Einblicke in die Feier: <span style=\"color: #970600;\"><a style=\"color: #970600;\" href=\"https:\/\/www.youtube.com\/watch?v=SmyTMF8h8ws&amp;feature=youtu.be\">https:\/\/www.youtube.com\/watch?v=SmyTMF8h8ws&amp;feature=youtu.be<\/a><\/span><\/p>\n<p><a href=\"https:\/\/www.youtube.com\/watch?v=SmyTMF8h8ws&amp;feature=youtu.be\">\u00a0<img loading=\"lazy\" decoding=\"async\" class=\"alignnone\" src=\"http:\/\/www.baby-uni.at\/wordpress\/wp-content\/uploads\/Berta-M.-Kainz-15-Jahres-Feier-Baby-Uni.at-mit-Eltern-Bildung-IMG_20190602_221120.jpg.jpg\" alt=\"\" width=\"204\" height=\"179\" \/><\/a><\/p>\n<p style=\"text-align: left;\"><span style=\"color: #970600;\"><strong><a style=\"color: #970600;\" href=\"http:\/\/www.baby-uni.at\/wordpress\/wp-content\/uploads\/Bildergalerie-2004.pdf\" target=\"_blank\" rel=\"noopener noreferrer\">Wie alles begann<\/a><\/strong><strong><a style=\"color: #970600;\" href=\"http:\/\/www.baby-uni.at\/wordpress\/wp-content\/uploads\/Bildergalerie-2004.pdf\" target=\"_blank\" rel=\"noopener noreferrer\"> &#8230; <\/a><\/strong><a style=\"color: #970600;\" href=\"http:\/\/www.baby-uni.at\/wordpress\/wp-content\/uploads\/Bildergalerie-2004.pdf\" target=\"_blank\" rel=\"noopener noreferrer\">pdf<\/a><\/span><\/p>\n<\/td>\n<\/tr>\n<tr>\n<td class=\"textfont\" style=\"text-align: left;\" colspan=\"3\" align=\"center\" valign=\"middle\" bgcolor=\"#ffffff\" height=\"234\"><a href=\"http:\/\/www.baby-uni.at\/wordpress\/spielplatz-testen\/\" target=\"_blank\" rel=\"noopener noreferrer\"><span style=\"color: #333333;\"><span style=\"color: #ffffff;\">Wir testen die Weinviertler Spielpl\u00e4tze auf ihre Kleinkind-Eignung! Machen Sie mit! Genaueres finden Sie hier: <\/span><\/span><\/a><span style=\"color: #ffffff;\"><a style=\"color: #ffffff;\" href=\"http:\/\/www.baby-uni.at\/wordpress\/spielplatz-testen\/\" target=\"_blank\" rel=\"noopener noreferrer\"><strong><span style=\"color: #ffffff;\">SPIELPLATZ-TESTEN<\/span><\/strong><\/a><\/span>\n<p id=\"thumbnail-head-64\" style=\"text-align: right;\"><img loading=\"lazy\" decoding=\"async\" class=\"thumbnail alignright\" src=\"http:\/\/www.baby-uni.at\/wordpress\/wp-content\/uploads\/elternbildungba03.jpg\" alt=\"\" width=\"182\" height=\"182\" \/><img loading=\"lazy\" decoding=\"async\" class=\"attachment-60x60 alignleft\" src=\"http:\/\/www.baby-uni.at\/wordpress\/wp-content\/uploads\/016hpg-150x150.jpg\" alt=\"\" width=\"182\" height=\"182\" \/><\/p>\n<\/td>\n<td colspan=\"5\" rowspan=\"2\" valign=\"top\" bgcolor=\"#ffffff\">\u00a0<\/td>\n<\/tr>\n<\/tbody>\n<\/table>\n\n\n<p><\/p>\n","protected":false},"excerpt":{"rendered":"<p>B A B Y &#8211; U N I \u00a0 mit Eltern-Bildung seit 2004 Termine f\u00fcr Eltern-Bildungs-Veranstaltungen (Eltern-Workshops, Eltern-\/Familien-Einzel-Beratungen) finden Sie unter: Veranstaltungen Eltern-\/Familien-Einzel-Beratungen Eltern-Kind-Gruppen mit Eltern-Bildung\u00a0 f\u00fcr Eltern mit Babys und Kleinkindern bis ca 3 \u00bd Jahre In meinen Eltern-Kind-Gruppen &hellip; <a href=\"https:\/\/www.baby-uni.at\/wordpress\/\">Weiterlesen <span class=\"meta-nav\">&rarr;<\/span><\/a><\/p>\n","protected":false},"author":1,"featured_media":9,"parent":0,"menu_order":1,"comment_status":"closed","ping_status":"closed","template":"","meta":{"footnotes":""},"class_list":["post-5","page","type-page","status-publish","has-post-thumbnail","hentry"],"_links":{"self":[{"href":"https:\/\/www.baby-uni.at\/wordpress\/wp-json\/wp\/v2\/pages\/5","targetHints":{"allow":["GET"]}}],"collection":[{"href":"https:\/\/www.baby-uni.at\/wordpress\/wp-json\/wp\/v2\/pages"}],"about":[{"href":"https:\/\/www.baby-uni.at\/wordpress\/wp-json\/wp\/v2\/types\/page"}],"author":[{"embeddable":true,"href":"https:\/\/www.baby-uni.at\/wordpress\/wp-json\/wp\/v2\/users\/1"}],"replies":[{"embeddable":true,"href":"https:\/\/www.baby-uni.at\/wordpress\/wp-json\/wp\/v2\/comments?post=5"}],"version-history":[{"count":130,"href":"https:\/\/www.baby-uni.at\/wordpress\/wp-json\/wp\/v2\/pages\/5\/revisions"}],"predecessor-version":[{"id":2439,"href":"https:\/\/www.baby-uni.at\/wordpress\/wp-json\/wp\/v2\/pages\/5\/revisions\/2439"}],"wp:featuredmedia":[{"embeddable":true,"href":"https:\/\/www.baby-uni.at\/wordpress\/wp-json\/wp\/v2\/media\/9"}],"wp:attachment":[{"href":"https:\/\/www.baby-uni.at\/wordpress\/wp-json\/wp\/v2\/media?parent=5"}],"curies":[{"name":"wp","href":"https:\/\/api.w.org\/{rel}","templated":true}]}}