{"id":746,"date":"2017-08-08T20:18:07","date_gmt":"2017-08-08T18:18:07","guid":{"rendered":"http:\/\/www.baby-uni.at\/wordpress\/?page_id=746"},"modified":"2025-06-12T08:53:16","modified_gmt":"2025-06-12T06:53:16","slug":"veranstaltungen","status":"publish","type":"page","link":"https:\/\/www.baby-uni.at\/wordpress\/veranstaltungen\/","title":{"rendered":"Veranstaltungen"},"content":{"rendered":"<p align=\"left\"><span style=\"color: #970600;\"><em>&#8222;Let&#8217;s raise children who won&#8217;t have to recover from their childhood!&#8220; <\/em><\/span><span style=\"color: #333333;\">Pam Leo<\/span><\/p>\n<p><span style=\"color: #970600;\"><strong>Individuelle Begleitung und Beratung f\u00fcr werdende Eltern und f\u00fcr Eltern von Babys und Kleinkindern<\/strong><\/span><\/p>\n<ul>\n<li><span style=\"color: #970600;\"><a style=\"color: #970600;\" href=\"https:\/\/www.google.at\/maps\/place\/48%C2%B027'07.9%22N+16%C2%B024'17.7%22E\/@48.451173,16.4032048,942m\/data=!3m1!1e3!4m6!3m5!1s0x0:0x0!7e2!8m2!3d48.4522016!4d16.4049253?hl=en\"><strong>V<\/strong><strong>era<\/strong><strong>nstaltungs-Ort<\/strong> &#8211; falls nicht anders angegeben:<\/a><\/span><br \/>\n<a href=\"https:\/\/www.google.at\/maps\/place\/48%C2%B027'07.9%22N+16%C2%B024'17.7%22E\/@48.451173,16.4032048,942m\/data=!3m1!1e3!4m6!3m5!1s0x0:0x0!7e2!8m2!3d48.4522016!4d16.4049253?hl=en\"><span style=\"color: #333333;\"> 21<\/span><span style=\"color: #333333;\">14 Weinsteig (bei Gro\u00dfru\u00dfbach), Hauptstr. 73<\/span>, <span style=\"color: #d60606;\">www.google.com\/maps<\/span><\/a><\/li>\n<\/ul>\n<p>Auf <span style=\"color: #000000;\">Anfrage gerne<\/span> auch in ihrer <span style=\"color: #000000;\">Institution<\/span> oder bei Ihnen Zuhause! <span class=\"textfont\" style=\"color: #970600;\"><a style=\"color: #970600;\" href=\"http:\/\/www.baby-uni.at\/wordpress\/kontakt-anmeldung\/\" target=\"_blank\" rel=\"noopener noreferrer\">Kontakt<\/a><\/span><\/p>\n<p><span style=\"color: #ffcc00;\">*********************************************************<\/span><\/p>\n<p align=\"left\"><span class=\"textfont\"><img decoding=\"async\" class=\"thumbnail\" src=\"http:\/\/www.baby-uni.at\/wordpress\/wp-content\/uploads\/elternbildungsb04.jpg\" alt=\"\" \/><\/span><\/p>\n<p align=\"left\"><span style=\"color: #970600;\"><strong><a style=\"color: #970600;\" href=\"http:\/\/www.baby-uni.at\/wordpress\/wp-content\/uploads\/Eltern-Abende-Beschreibung.pdf\">E L T E R N &#8211; A B E N D E\u00a0 bzw. &#8211; W O R K S H O P S\u00a0 \u00a02 0 2 5<\/a>\u00a0 (pdf)\u00a0 <\/strong><\/span><\/p>\n<p align=\"left\"><span style=\"color: #333333;\"><strong>Fr 23.5.2025 <\/strong>von 18.30-20.30 Uhr <\/span><\/p>\n<p align=\"left\"><span style=\"color: #333333;\">ohne Kinder, 35,-\u20ac\/Teilnehmer bzw. Elternpaar, <\/span><span class=\"textfont\" style=\"color: #970600;\"><a style=\"color: #970600;\" href=\"http:\/\/www.baby-uni.at\/wordpress\/kontakt-anmeldung\/\" target=\"_blank\" rel=\"noopener noreferrer\">Bitte hier <span style=\"text-decoration: underline;\">anmelden<\/span>!<\/a> <\/span><\/p>\n<p><span style=\"color: #ffcc00;\">*********************************************************<\/span><\/p>\n<p align=\"left\"><strong><a href=\"http:\/\/www.baby-uni.at\/wordpress\/veranstaltungen-2\/\"><span style=\"color: #d60606;\"><span style=\"color: #970600;\">E L T E R N &#8211; K I N D &#8211; G R U P P E N<\/span>\u00a0<\/span> <span style=\"color: #ffcc00;\">mit\u00a0 E L T E R N &#8211; B I L D U N G <\/span><\/a><\/strong><\/p>\n<p align=\"left\"><span style=\"color: #d60606;\"><a style=\"color: #d60606;\" href=\"http:\/\/www.baby-uni.at\/wordpress\/veranstaltungen-2\/\"><strong><span style=\"color: #970600;\">T e r m i n e \u00a0 &amp; \u00a0 P r e i s e\u00a0<\/span>\u00a0 <\/strong><span style=\"color: #333333;\">Bitte hier anklicken!<\/span><\/a><\/span><\/p>\n<p><span style=\"color: #ffcc00;\"><strong>*********************************************************<\/strong><\/span><\/p>\n<p><span style=\"color: #d60606;\"><strong><span style=\"color: #970600;\">W O R K S H O P &#8211;\u00a0 und \u00a0 E L T E R N &#8211; A B E N D &#8211; Themen\u00a0 <\/span><br \/>\n<\/strong><\/span><\/p>\n<p><span style=\"color: #000000;\"><span style=\"color: #333333;\">stehen unter dem Motto<\/span> <strong>\u00a0<\/strong><\/span><\/p>\n<p><span style=\"color: #970600;\"><strong>LEITWOLF SEIN &#8211; <\/strong><strong><em>Liebevolle F\u00fchrung und klare Orientierung von Anfang an!\u00a0<\/em> <\/strong><\/span><\/p>\n<p><span style=\"color: #970600;\"><strong>Ich freue mich auf\u00a0 S I E !<\/strong><\/span><\/p>\n<p><span style=\"color: #000000;\"><a style=\"color: #000000;\" href=\"http:\/\/www.baby-uni.at\/wordpress\/wp-content\/uploads\/Wut-und-andere-heftige-Emotionen-konstruktiv-ausdr%C3%BCcken-Berta-M.-Kainz-1.pdf\">Wohin mit heftigen Emotionen wie Wut, Angst, \u2026? (pdf)<\/a><\/span><\/p>\n<p><span style=\"color: #000000;\"><a style=\"color: #000000;\" href=\"http:\/\/www.baby-uni.at\/wordpress\/wp-content\/uploads\/Konflikte-zwischen-uns-Eltern-und-unseren-Kleinkindern-konstruktiv-l%C3%B6sen-Berta-m.-Kainz.pdf\">Konflikte zwischen uns Eltern und unseren Kindern konstruktiv l\u00f6sen lernen (pdf) <\/a><\/span><\/p>\n<p><span style=\"color: #000000;\"><a style=\"color: #000000;\" href=\"http:\/\/www.baby-uni.at\/wordpress\/wp-content\/uploads\/Geschwister-Rivalit%C3%A4ten-einf%C3%BChlsam-begleiten-Berta-M.-Kainz-1.pdf\">GESCHWISTER-Rivalit\u00e4ten erkennen und einf\u00fchlsam begleiten lernen (pdf) <\/a><\/span><\/p>\n<p><span style=\"color: #000000;\"><a style=\"color: #000000;\" href=\"http:\/\/www.baby-uni.at\/wordpress\/wp-content\/uploads\/Freiheit-mit-Grenzen-Liebe-und-Respekt-Berta-M.-Kainz.pdf\">Freiheit mit Grenzen, Liebe &amp; Respekt (pdf)\u00a0<\/a><\/span><\/p>\n<p><span style=\"color: #000000;\"><a style=\"color: #000000;\" href=\"http:\/\/www.baby-uni.at\/wordpress\/wp-content\/uploads\/Begleitet-werden-auf-dem-Weg-zur-SElbst%C3%A4ndigkeit-Berta-M.-Kainz-1.pdf\">Begleitet werden auf dem Weg zur Selbst\u00e4ndigkeit (pdf) <\/a><\/span><\/p>\n<p><span style=\"color: #000000;\"><a style=\"color: #000000;\" href=\"http:\/\/www.baby-uni.at\/wordpress\/wp-content\/uploads\/Einf%C3%BChlsam-NEIN-sagen-Berta-M.-Kainz.pdf\">Einf\u00fchlsam NEIN sagen (pdf) <\/a><\/span><\/p>\n<p><span style=\"color: #000000;\"><a style=\"color: #000000;\" href=\"http:\/\/www.baby-uni.at\/wordpress\/wp-content\/uploads\/Konfrontationen-zwischen-kleinen-KIndern-einf%C3%BChlsam-begleiten-Berta-M.-Kainz.pdf\">Konfrontationen zwischen kleinen Kindern einf\u00fchlsam begleiten (pdf) <\/a><\/span><\/p>\n<p><span style=\"color: #970600;\"><em>\u201eKindern, deren Eltern keine, eine ungen\u00fcgende, unklare oder zu strikte F\u00fchrung aus\u00fcben, geht es nicht gut und sie k\u00f6nnen sich nicht gut entwickeln!\u201c<\/em><\/span><\/p>\n<p><span style=\"color: #000000;\"><a style=\"color: #000000;\" href=\"http:\/\/www.baby-uni.at\/wordpress\/wp-content\/uploads\/Mein-Kind-und-das-Kind-in-mir-Berta-M.-Kainz-1.pdf\">Mein Kind und das Kind in mir (pdf) <\/a><\/span><\/p>\n<p><span style=\"color: #000000;\"><a style=\"color: #000000;\" href=\"http:\/\/www.baby-uni.at\/wordpress\/wp-content\/uploads\/Von-der-Erziehung-zur-Einf%C3%BChlung-LDMB-18.7.2020-Berta-M.-Kainz.pdf\">Von der Erziehung zur Einf\u00fchlung (pdf) <\/a><\/span><\/p>\n<p><span style=\"color: #000000;\"><a style=\"color: #000000;\" href=\"http:\/\/www.baby-uni.at\/wordpress\/wp-content\/uploads\/Vom-Gehorsam-zur-Verantwortung-Berta-M.-Kainz.pdf\">Vom Gehorsam zur Verantwortung (pdf)<\/a><\/span><\/p>\n<p><span style=\"color: #000000;\"><a style=\"color: #000000;\" href=\"http:\/\/www.baby-uni.at\/wordpress\/wp-content\/uploads\/Elternschaft-als-transformativer-Prozess-Berta-M.-Kainz.pdf\">Elternschaft als transformativer Prozess (pdf) <\/a><\/span><\/p>\n<p><span style=\"color: #000000;\"><a style=\"color: #000000;\" href=\"http:\/\/www.baby-uni.at\/wordpress\/wp-content\/uploads\/Elternschaft-als-transformativer-Prozess-Berta-M.-Kainz.pdf\">Von der Angst zur Liebe (pdf) <\/a><\/span><\/p>\n<p><span style=\"color: #970600;\">Elternschaft ist ein transformativer Prozess <\/span><span style=\"color: #333333;\"><span style=\"color: #970600;\">&#8211; <em>&#8222;Kinder brauchen keine perfekten Eltern, die \u00fcber jeden Zweifel erhaben sind, sondern authentische Menschen, die nicht alles wissen, doch stets bereit sind, sich weiterzuentwickeln.&#8220;<\/em> <\/span>Jesper Juul \u00a0 \u00a0<\/span><\/p>\n<p><span style=\"color: #d60606;\"><strong><span style=\"color: #ffcc00;\">*********************************************************<\/span><\/strong><\/span><\/p>\n<p align=\"left\"><a href=\"http:\/\/www.baby-uni.at\/wordpress\/eltern-familien-einzel-beratungen\/\"><strong><span style=\"color: #d60606;\"><span style=\"color: #970600;\">E L T E R N -\/ F A M I L I E N &#8211; E I N Z E L &#8211; B E R A T U N G E N<\/span>\u00a0\u00a0 <\/span><\/strong><span style=\"color: #333333;\">INFO, b<span class=\"textfont\">itte hier anklicken! <\/span><\/span><\/a><span class=\"textfont\" style=\"color: #970600;\"><a style=\"color: #970600;\" href=\"http:\/\/www.baby-uni.at\/wordpress\/kontakt-anmeldung\/\" target=\"_blank\" rel=\"noopener noreferrer\">Bitte hier anmelden!<\/a><\/span><\/p>\n<p align=\"left\"><span class=\"textfont\"><img decoding=\"async\" class=\"thumbnail\" src=\"http:\/\/www.baby-uni.at\/wordpress\/wp-content\/uploads\/elternbildungbb02.jpg\" alt=\"\" \/><\/span><\/p>\n<p align=\"left\"><span class=\"textfont\" style=\"color: #ffcc00;\">*********************************************************<\/span><\/p>\n<p><span style=\"color: #d60606;\"><strong><span class=\"header1\"><span style=\"color: #970600;\">Babymassage \u2013 Die Sprache der Liebe<\/span><\/span><\/strong><\/span><\/p>\n<p><strong><a href=\"http:\/\/www.baby-uni.at\/veranstaltungen.htm#\"><img loading=\"lazy\" decoding=\"async\" class=\"alignleft\" src=\"http:\/\/www.baby-uni.at\/img\/babymassage01.jpg\" alt=\"babymassage\" width=\"178\" height=\"175\" name=\"Image21\" border=\"0\" \/><\/a><\/strong><strong><a href=\"http:\/\/www.baby-uni.at\/veranstaltungen.htm#\"><img loading=\"lazy\" decoding=\"async\" class=\"alignnone\" src=\"http:\/\/www.baby-uni.at\/img\/babymassage02.jpg\" alt=\"babymassage\" width=\"178\" height=\"174\" name=\"Image22\" border=\"0\" \/>\u00a0\u00a0 <span style=\"color: #970600;\">Auf Anfrage!<\/span><\/a><\/strong><\/p>\n<p><span style=\"color: #333333;\">Deine liebevollen Ber\u00fchrungen sind Nahrung f\u00fcr K\u00f6rper, Geist und Seele deines (neugeborenen) Babys! Durch deine liebevollen Ber\u00fchrungen erf\u00e4hrt dein Kind seinen K\u00f6rper und diese Empfindungen werden in seinem Gehirn eingespeichert: \u201eDas bin ich! Und es f\u00fchlt sich gut an, ich zu sein!<\/span><span style=\"color: #333333;\">\u201c<\/span><!--more--><\/p>\n","protected":false},"excerpt":{"rendered":"<p>&#8222;Let&#8217;s raise children who won&#8217;t have to recover from their childhood!&#8220; Pam Leo Individuelle Begleitung und Beratung f\u00fcr werdende Eltern und f\u00fcr Eltern von Babys und Kleinkindern Veranstaltungs-Ort &#8211; falls nicht anders angegeben: 2114 Weinsteig (bei Gro\u00dfru\u00dfbach), Hauptstr. 73, www.google.com\/maps &hellip; <a href=\"https:\/\/www.baby-uni.at\/wordpress\/veranstaltungen\/\">Weiterlesen <span class=\"meta-nav\">&rarr;<\/span><\/a><\/p>\n","protected":false},"author":1,"featured_media":0,"parent":0,"menu_order":0,"comment_status":"closed","ping_status":"closed","template":"","meta":{"footnotes":""},"class_list":["post-746","page","type-page","status-publish","hentry"],"_links":{"self":[{"href":"https:\/\/www.baby-uni.at\/wordpress\/wp-json\/wp\/v2\/pages\/746","targetHints":{"allow":["GET"]}}],"collection":[{"href":"https:\/\/www.baby-uni.at\/wordpress\/wp-json\/wp\/v2\/pages"}],"about":[{"href":"https:\/\/www.baby-uni.at\/wordpress\/wp-json\/wp\/v2\/types\/page"}],"author":[{"embeddable":true,"href":"https:\/\/www.baby-uni.at\/wordpress\/wp-json\/wp\/v2\/users\/1"}],"replies":[{"embeddable":true,"href":"https:\/\/www.baby-uni.at\/wordpress\/wp-json\/wp\/v2\/comments?post=746"}],"version-history":[{"count":576,"href":"https:\/\/www.baby-uni.at\/wordpress\/wp-json\/wp\/v2\/pages\/746\/revisions"}],"predecessor-version":[{"id":2456,"href":"https:\/\/www.baby-uni.at\/wordpress\/wp-json\/wp\/v2\/pages\/746\/revisions\/2456"}],"wp:attachment":[{"href":"https:\/\/www.baby-uni.at\/wordpress\/wp-json\/wp\/v2\/media?parent=746"}],"curies":[{"name":"wp","href":"https:\/\/api.w.org\/{rel}","templated":true}]}}